{"id":65,"date":"2021-12-06T13:30:46","date_gmt":"2021-12-06T12:30:46","guid":{"rendered":"https:\/\/fortbildung-verbund3.schule.de\/?page_id=65"},"modified":"2025-05-21T12:26:30","modified_gmt":"2025-05-21T10:26:30","slug":"ansprechpartner","status":"publish","type":"page","link":"https:\/\/fortbildung-verbund3.schule.de\/?page_id=65","title":{"rendered":"Kontakt"},"content":{"rendered":"<h3><span style=\"font-family: helvetica;\">Adresse: F\u00fcrstenbrunner Weg 22-30, 14059 Berlin, Raum 4A.08.B<\/span><\/h3>\n<p><span style=\"font-family: helvetica;\">Antje Ru\u00dfb\u00fclt<\/span><br \/>\n<strong style=\"font-family: helvetica;\">Verbundleitung<\/strong><br \/>\n<span style=\"font-family: helvetica;\">E-Mail: <a href=\"mailto:Antje.Russbuelt@SenBJF.Berlin.de\" target=\"_blank\" rel=\"noopener noreferrer\" data-auth=\"NotApplicable\" data-linkindex=\"3\">Antje.Russbuelt@SenBJF.Berlin.de<\/a><\/span><br \/>\n<span style=\"font-family: helvetica;\">030 \/ 90249 3406<\/span><\/p>\n<p><!--more--><\/p>\n<p><span style=\"font-family: helvetica;\">Bettina Gronau<\/span><br \/>\n<strong style=\"font-family: helvetica;\">Bezirk 04 (Charlottenburg-Wilmersdorf)<\/strong><br \/>\n<span style=\"font-family: helvetica;\">E-Mail: <a href=\"mailto:Bettina.Gronau@SenBJF.Berlin.de\" target=\"_blank\" rel=\"noopener noreferrer\" data-auth=\"NotApplicable\" data-linkindex=\"2\">Bettina.Gronau@SenBJF.Berlin.de<\/a><\/span><br \/>\n<span style=\"font-family: helvetica;\">030 \/ 90249 3407<\/span><\/p>\n<p><!--more--><\/p>\n<p><span style=\"font-family: helvetica;\">Antje Ru\u00dfb\u00fclt<\/span><br \/>\n<strong style=\"font-family: helvetica;\">Bezirk 05 (Spandau)<\/strong><br \/>\n<span style=\"font-family: helvetica;\">E-Mail: <a href=\"mailto:Antje.Russbuelt@SenBJF.Berlin.de\" target=\"_blank\" rel=\"noopener noreferrer\" data-auth=\"NotApplicable\" data-linkindex=\"3\">Antje.Russbuelt@SenBJF.Berlin.de<\/a><\/span><br \/>\n<span style=\"font-family: helvetica;\">030 \/ 90249 3406<\/span><\/p>\n<p><!--more--><\/p>\n<p><span style=\"font-family: helvetica;\">Janina van Eckert<\/span><br \/>\n<span style=\"font-family: helvetica;\"><strong>Bezirk 06 (Steglitz-Zehlendorf)<\/strong><\/span><br \/>\n<span style=\"font-family: helvetica;\">E-Mail: <a href=\"mailto:Janina.vanEckert@SenBJF.Berlin.de\" target=\"_blank\" rel=\"noopener noreferrer\" data-auth=\"NotApplicable\" data-linkindex=\"4\">Janina.vanEckert@SenBJF.Berlin.de<\/a><\/span><br \/>\n<span style=\"font-family: helvetica;\">030 \/ 90249 3409<\/span><\/p>\n<p><!--more--><\/p>\n<p><strong>B\u00fcro:<\/strong><br \/>\nChiara Maria Krischke<br \/>\n030 \/ 90249 3408<\/p>\n","protected":false},"excerpt":{"rendered":"<p>Adresse: F\u00fcrstenbrunner Weg 22-30, 14059 Berlin, Raum 4A.08.B Antje Ru\u00dfb\u00fclt Verbundleitung E-Mail: Antje.Russbuelt@SenBJF.Berlin.de 030 \/ 90249 3406<\/p>\n","protected":false},"author":1,"featured_media":0,"parent":0,"menu_order":0,"comment_status":"closed","ping_status":"closed","template":"","meta":{"_bbp_topic_count":0,"_bbp_reply_count":0,"_bbp_total_topic_count":0,"_bbp_total_reply_count":0,"_bbp_voice_count":0,"_bbp_anonymous_reply_count":0,"_bbp_topic_count_hidden":0,"_bbp_reply_count_hidden":0,"_bbp_forum_subforum_count":0,"footnotes":""},"class_list":["post-65","page","type-page","status-publish","hentry"],"_links":{"self":[{"href":"https:\/\/fortbildung-verbund3.schule.de\/index.php?rest_route=\/wp\/v2\/pages\/65","targetHints":{"allow":["GET"]}}],"collection":[{"href":"https:\/\/fortbildung-verbund3.schule.de\/index.php?rest_route=\/wp\/v2\/pages"}],"about":[{"href":"https:\/\/fortbildung-verbund3.schule.de\/index.php?rest_route=\/wp\/v2\/types\/page"}],"author":[{"embeddable":true,"href":"https:\/\/fortbildung-verbund3.schule.de\/index.php?rest_route=\/wp\/v2\/users\/1"}],"replies":[{"embeddable":true,"href":"https:\/\/fortbildung-verbund3.schule.de\/index.php?rest_route=%2Fwp%2Fv2%2Fcomments&post=65"}],"version-history":[{"count":29,"href":"https:\/\/fortbildung-verbund3.schule.de\/index.php?rest_route=\/wp\/v2\/pages\/65\/revisions"}],"predecessor-version":[{"id":4499,"href":"https:\/\/fortbildung-verbund3.schule.de\/index.php?rest_route=\/wp\/v2\/pages\/65\/revisions\/4499"}],"wp:attachment":[{"href":"https:\/\/fortbildung-verbund3.schule.de\/index.php?rest_route=%2Fwp%2Fv2%2Fmedia&parent=65"}],"curies":[{"name":"wp","href":"https:\/\/api.w.org\/{rel}","templated":true}]}}