{"id":515,"date":"2021-12-10T12:37:21","date_gmt":"2021-12-10T11:37:21","guid":{"rendered":"https:\/\/fortbildung-verbund3.schule.de\/?page_id=515"},"modified":"2025-03-30T15:57:40","modified_gmt":"2025-03-30T13:57:40","slug":"fachgruppe-deutsch","status":"publish","type":"page","link":"https:\/\/fortbildung-verbund3.schule.de\/?page_id=515","title":{"rendered":"Deutsch Sek I+II"},"content":{"rendered":"<div class=\"page\" title=\"Page 1\">\n<div class=\"layoutArea\">\n<div class=\"column\">\n<h1><img loading=\"lazy\" decoding=\"async\" class=\"alignnone size-medium wp-image-3715\" src=\"https:\/\/fortbildung-verbund3.schule.de\/wp-content\/uploads\/2024\/06\/DeutschOS-300x166.jpg\" alt=\"\" width=\"300\" height=\"166\" srcset=\"https:\/\/fortbildung-verbund3.schule.de\/wp-content\/uploads\/2024\/06\/DeutschOS-300x166.jpg 300w, https:\/\/fortbildung-verbund3.schule.de\/wp-content\/uploads\/2024\/06\/DeutschOS-1024x568.jpg 1024w, https:\/\/fortbildung-verbund3.schule.de\/wp-content\/uploads\/2024\/06\/DeutschOS-768x426.jpg 768w, https:\/\/fortbildung-verbund3.schule.de\/wp-content\/uploads\/2024\/06\/DeutschOS.jpg 1280w\" sizes=\"auto, (max-width: 300px) 100vw, 300px\" \/><\/h1>\n<\/div>\n<div class=\"page\" title=\"Page 1\">\n<div class=\"section\">\n<div class=\"layoutArea\">\n<div class=\"column\">\n<div class=\"page\" title=\"Page 2\">\n<div class=\"section\">\n<div class=\"layoutArea\">\n<div class=\"column\">\n<h1 class=\"p1\"><span style=\"font-family: helvetica;\"><b>Workshop- \/Fortbildungsangebote<\/b><\/span><\/h1>\n<ul>\n<li class=\"li10\"><span class=\"s3\" style=\"font-family: helvetica;\">Mi., 18.09.2024, 15:00 Uhr &#8211; 17:30 Uhr <a href=\"https:\/\/fortbildungen.berlin\/training\/121132\"><span class=\"s4\"><b>Szenische Interpretation im Deutsch- und Fremdsprachenunterricht<\/b><\/span><\/a> 24.2-121132<\/span><\/li>\n<li><span class=\"s1\">Do., 16.01.2025, 15:30 Uhr &#8211; 17:30 Uhr <a href=\"http:\/\/www.apple.com\/de\/\"><span class=\"s2\"><b>Achtsam Lehren &#8211; Achtsam Lernen &#8211; Kreative Entschleunigung im Unterricht<\/b><\/span><\/a> 24.2-125456<\/span><\/li>\n<li>Mi., 07.05.2025, 15:00 Uhr &#8211; 18:00 Uhr <em><strong>Online-Kurs:<\/strong><\/em> <strong><a href=\"https:\/\/fortbildungen.berlin\/training\/124400\">Abiturschwerpunkt: Jenny Erpenbeck \u2013 \u201eHeimsuchung\u201c<\/a><\/strong> 25.1-124400<\/li>\n<li>Mi., 11.06.2025, 15:00 Uhr &#8211; 17:30 Uhr\u00a0<em><em><strong>Online-Kurs: <\/strong><\/em><\/em><strong><a href=\"https:\/\/fortbildungen.berlin\/training\/126116\">Die Dramenstruktur in Kleists \u201cDer zerbrochne Krug\u201c<\/a><\/strong> 25.1-126116<\/li>\n<li>Mi., 18.06.2025, 15:00 Uhr &#8211; 17:30 Uhr <em><em><strong>Online-Kurs: <\/strong><\/em><\/em><strong><a href=\"https:\/\/fortbildungen.berlin\/training\/126114\">Mythisches Denken in Erpenbecks \u201cHeimsuchung\u201c<\/a><\/strong> 25.1-126114<\/li>\n<li class=\"li1\"><span class=\"s1\" style=\"font-family: helvetica;\">Aufgaben- und Pr\u00fcfungskultur<\/span><\/li>\n<li class=\"li1\"><span class=\"s1\" style=\"font-family: helvetica;\">ChatGPT und KI im DU<\/span><\/li>\n<li class=\"li1\"><span class=\"s1\" style=\"font-family: helvetica;\">Escaperooms im DU<\/span><\/li>\n<li class=\"li1\"><span class=\"s1\" style=\"font-family: helvetica;\">zeitgem\u00e4\u00dfe Pr\u00fcfungsformate<\/span><\/li>\n<li class=\"li1\"><span class=\"s1\" style=\"font-family: helvetica;\">Zeitungsformate im DU (\u201eJugend schreibt\u201c)<\/span><\/li>\n<\/ul>\n<h1 class=\"p1\"><span style=\"font-family: helvetica;\"><b>Regionalkonferenzen <\/b><\/span><\/h1>\n<p class=\"p1\"><span style=\"font-family: helvetica;\">Im Fach Deutsch werden vier Regionalkonferenzen pro Bezirk im Schuljahr angeboten. Zu Regionalkonferenzen wird gesondert eingeladen.<\/span><\/p>\n<ul class=\"ul1\">\n<li class=\"li5\"><span class=\"s5\" style=\"font-family: helvetica;\">Mi., 18.09.2024, 15:00 Uhr &#8211; 18:00 Uhr <a href=\"https:\/\/fortbildungen.berlin\/training\/122653\"><span class=\"s4\"><b>Regionalkonferenz Deutsch f\u00fcr Sek I, Sek II (Spandau)<\/b><\/span><\/a> 24.2-122653 <\/span><\/li>\n<li class=\"li4\"><span class=\"s3\" style=\"font-family: helvetica;\">Mi., 25.09.2024, 15:30 Uhr &#8211; 18:00 Uhr <a href=\"https:\/\/fortbildungen.berlin\/training\/122656\"><span class=\"s4\"><b>Regionalkonferenz Deutsch f\u00fcr Sek I, Sek II (Steglitz-Zehlendorf)<\/b><\/span><\/a> 24.2-122656<\/span><\/li>\n<li><span style=\"font-family: helvetica;\">Mi., 13.11.2024, 15:00 Uhr &#8211; 18:00 Uhr <strong><a href=\"https:\/\/fortbildungen.berlin\/training\/120081\">Regionalkonferenz Deutsch f\u00fcr Sek I, Sek II (Spandau)<\/a><\/strong> 24.2-120081<\/span><\/li>\n<li><span style=\"font-family: helvetica;\">Mi., 20.11.2024, 15:00 Uhr &#8211; 18:00 Uhr <strong><a href=\"https:\/\/fortbildungen.berlin\/training\/120610\">Regionalkonferenz Deutsch f\u00fcr Sek I, Sek II (Charlottenburg-Wilmersdorf)<\/a><\/strong> 24.2-120610<\/span><\/li>\n<li><span style=\"font-family: helvetica;\">Mi., 22.01.2025, 15:30 Uhr &#8211; 18:00 Uhr <strong><a href=\"https:\/\/fortbildungen.berlin\/training\/122657\">Regionalkonferenz Deutsch f\u00fcr Sek I, Sek II (Steglitz-Zehlendorf)<\/a><\/strong> 24.2-122657<\/span><\/li>\n<li><span style=\"font-family: helvetica;\">Do., 06.03.2025, 15:00 Uhr &#8211; 18:00 Uhr <strong><a href=\"https:\/\/fortbildungen.berlin\/training\/122728\">Regionalkonferenz Deutsch f\u00fcr Sek I, Sek II (Spandau)<\/a><\/strong> 25.1-122728<\/span><\/li>\n<li><span style=\"font-family: helvetica;\">Mi., 26.03.2025, 15:30 Uhr &#8211; 18:00 Uhr <strong><a href=\"https:\/\/fortbildungen.berlin\/training\/122658\">Regionalkonferenz Deutsch f\u00fcr Sek I, Sek II (Steglitz-Zehlendorf)<\/a><\/strong> 25.1-122658<\/span><\/li>\n<li><span style=\"font-family: helvetica;\">Mi., 07.05.2025, 15:00 Uhr &#8211; 18:00 Uhr <strong><a href=\"https:\/\/fortbildungen.berlin\/training\/120085\">Regionalkonferenz Deutsch f\u00fcr Sek I, Sek II (Spandau)<\/a><\/strong> 25.1-120085<\/span><\/li>\n<li><span style=\"font-family: helvetica;\">Do., 15.05.2025, 15:00 Uhr &#8211; 18:00 Uhr <strong><a href=\"https:\/\/fortbildungen.berlin\/training\/122655\">Regionalkonferenz Deutsch f\u00fcr Sek I, Sek II (Charlottenburg-Wilmersdorf)<\/a><\/strong> 25.1-122655<\/span><\/li>\n<li><span style=\"font-family: helvetica;\">Mi., 21.05.2025, 15:30 Uhr &#8211; 18:00 Uhr <strong><a href=\"https:\/\/fortbildungen.berlin\/training\/122659\">Regionalkonferenz Deutsch f\u00fcr Sek I, Sek II (Steglitz-Zehlendorf)<\/a><\/strong> 25.1-122659<\/span><\/li>\n<\/ul>\n<p><a href=\"https:\/\/fortbildung-verbund3.schule.de\/wp-content\/uploads\/2024\/08\/DeutschOS.pdf\"><img loading=\"lazy\" decoding=\"async\" class=\"alignnone wp-image-3884 \" src=\"https:\/\/fortbildung-verbund3.schule.de\/wp-content\/uploads\/2024\/08\/PDF-267x300.png\" alt=\"\" width=\"140\" height=\"157\" \/><\/a><\/p>\n<p><span style=\"font-family: helvetica;\">Flyer Deutsch Sek I+II<\/span><\/p>\n<\/div>\n<\/div>\n<\/div>\n<\/div>\n<\/div>\n<\/div>\n<\/div>\n<\/div>\n<\/div>\n<\/div>\n","protected":false},"excerpt":{"rendered":"<p>Workshop- \/Fortbildungsangebote Mi., 18.09.2024, 15:00 Uhr &#8211; 17:30 Uhr Szenische Interpretation im Deutsch- und Fremdsprachenunterricht 24.2-121132 Do., 16.01.2025, 15:30 Uhr &hellip; <\/p>\n","protected":false},"author":1,"featured_media":0,"parent":0,"menu_order":0,"comment_status":"closed","ping_status":"closed","template":"","meta":{"_bbp_topic_count":0,"_bbp_reply_count":0,"_bbp_total_topic_count":0,"_bbp_total_reply_count":0,"_bbp_voice_count":0,"_bbp_anonymous_reply_count":0,"_bbp_topic_count_hidden":0,"_bbp_reply_count_hidden":0,"_bbp_forum_subforum_count":0,"footnotes":""},"class_list":["post-515","page","type-page","status-publish","hentry"],"_links":{"self":[{"href":"https:\/\/fortbildung-verbund3.schule.de\/index.php?rest_route=\/wp\/v2\/pages\/515","targetHints":{"allow":["GET"]}}],"collection":[{"href":"https:\/\/fortbildung-verbund3.schule.de\/index.php?rest_route=\/wp\/v2\/pages"}],"about":[{"href":"https:\/\/fortbildung-verbund3.schule.de\/index.php?rest_route=\/wp\/v2\/types\/page"}],"author":[{"embeddable":true,"href":"https:\/\/fortbildung-verbund3.schule.de\/index.php?rest_route=\/wp\/v2\/users\/1"}],"replies":[{"embeddable":true,"href":"https:\/\/fortbildung-verbund3.schule.de\/index.php?rest_route=%2Fwp%2Fv2%2Fcomments&post=515"}],"version-history":[{"count":106,"href":"https:\/\/fortbildung-verbund3.schule.de\/index.php?rest_route=\/wp\/v2\/pages\/515\/revisions"}],"predecessor-version":[{"id":4447,"href":"https:\/\/fortbildung-verbund3.schule.de\/index.php?rest_route=\/wp\/v2\/pages\/515\/revisions\/4447"}],"wp:attachment":[{"href":"https:\/\/fortbildung-verbund3.schule.de\/index.php?rest_route=%2Fwp%2Fv2%2Fmedia&parent=515"}],"curies":[{"name":"wp","href":"https:\/\/api.w.org\/{rel}","templated":true}]}}