{"id":367,"date":"2021-12-07T18:34:16","date_gmt":"2021-12-07T17:34:16","guid":{"rendered":"https:\/\/fortbildung-verbund3.schule.de\/?page_id=367"},"modified":"2025-04-08T10:39:57","modified_gmt":"2025-04-08T08:39:57","slug":"fachgruppe-ganztag","status":"publish","type":"page","link":"https:\/\/fortbildung-verbund3.schule.de\/?page_id=367","title":{"rendered":"Ganztag und soziales Lernen"},"content":{"rendered":"<p><img loading=\"lazy\" decoding=\"async\" class=\"size-medium wp-image-3742\" src=\"https:\/\/fortbildung-verbund3.schule.de\/wp-content\/uploads\/2024\/07\/Ganztag-300x166.jpg\" alt=\"\" width=\"300\" height=\"166\" srcset=\"https:\/\/fortbildung-verbund3.schule.de\/wp-content\/uploads\/2024\/07\/Ganztag-300x166.jpg 300w, https:\/\/fortbildung-verbund3.schule.de\/wp-content\/uploads\/2024\/07\/Ganztag-1024x568.jpg 1024w, https:\/\/fortbildung-verbund3.schule.de\/wp-content\/uploads\/2024\/07\/Ganztag-768x426.jpg 768w, https:\/\/fortbildung-verbund3.schule.de\/wp-content\/uploads\/2024\/07\/Ganztag.jpg 1280w\" sizes=\"auto, (max-width: 300px) 100vw, 300px\" \/><\/p>\n<div class=\"page\" title=\"Page 1\">\n<div class=\"layoutArea\">\n<div class=\"column\">\n<div class=\"page\" title=\"Page 2\">\n<div class=\"layoutArea\">\n<div class=\"column\">\n<div class=\"page\" title=\"Page 1\">\n<div class=\"section\">\n<div class=\"layoutArea\">\n<div class=\"column\">\n<div class=\"page\" title=\"Page 2\">\n<div class=\"section\">\n<div class=\"layoutArea\">\n<div class=\"column\">\n<h1 class=\"p1\"><span style=\"font-family: helvetica;\"><b>Workshop- \/Fortbildungsangebote <\/b><\/span><\/h1>\n<ul class=\"ul1\">\n<li><span class=\"s5\" style=\"font-family: helvetica;\">Do., 17.10.2024, 15:00 Uhr &#8211; 18:00 Uhr (und zwei weitere Termine) <b><i>Online-Kurs: <\/i><\/b><a href=\"https:\/\/fortbildungen.berlin\/training\/121110\"><span class=\"s4\"><b>Elterngespr\u00e4che konstruktiv f\u00fchren<\/b><\/span><\/a> 24.2-121110<\/span><\/li>\n<li>Mi., 27.11.2024, 08:30 Uhr &#8211; 11:30 Uhr <strong><a href=\"https:\/\/fortbildungen.berlin\/training\/124899\">Energizer, Warm-ups, Eisbrecher und Co. &#8211; Spiele f\u00fcr mehr Kooperation<\/a><\/strong> 24.2-124899<\/li>\n<li><span style=\"font-family: helvetica;\">Mi., 04.12.2024, 15:00 Uhr &#8211; 18:00 Uhr <span class=\"s5\"><span class=\"s5\"><b><i>Online-Kurs: <\/i><\/b><\/span><\/span><strong><a href=\"https:\/\/fortbildungen.berlin\/training\/121165\">Aggression und Gewaltsituationen erfolgreicher bew\u00e4ltigen<\/a><\/strong> 24.2-121165<\/span><\/li>\n<li>Di., 10.12.2024, 14:30 Uhr &#8211; 17:30 Uhr <strong><a href=\"https:\/\/fortbildungen.berlin\/training\/124900\">Der Klassenrat &#8211; Demokratie als Alltagskultur erleben und erlernen<\/a><\/strong> 24.2-124900<\/li>\n<li><span style=\"font-family: helvetica;\">Do., 20.02., 20.03. und 10.4.2025, 15:00 Uhr &#8211; 18:00 Uhr <span class=\"s5\"><b><i>Online-Kurs: <\/i><\/b><\/span><strong><a href=\"https:\/\/fortbildungen.berlin\/training\/121115\">Umgang mit Kindern mit herausforderndem Verhalten<\/a><\/strong> 25.1-121115<\/span><\/li>\n<li class=\"li1\"><span class=\"s1\">Mi., 22.01.2025, 14:30 Uhr &#8211; 17:30 Uhr <a href=\"https:\/\/fortbildungen.berlin\/training\/124909\"><span class=\"s2\"><b>Erfolgreich deeskalierende und wertsch\u00e4tzende Elterngespr\u00e4che f\u00fchren<\/b><\/span><\/a><\/span> <span class=\"s1\">24.2-124909 <\/span><\/li>\n<li class=\"li2\">Mi., 26.02.2025, 08:30 Uhr &#8211; 11:30 Uhr <a href=\"https:\/\/fortbildungen.berlin\/training\/124911\"><span class=\"s2\"><b>Praktikanten und Praktikantinnen erfolgreich anleiten<\/b><\/span><\/a> 25.1-124911<\/li>\n<li>Mi., 07.05.2025, 08:30 Uhr &#8211; 11:30 Uhr <strong><a href=\"https:\/\/fortbildungen.berlin\/training\/124915\">Peer Group Education &#8211; Partizipation und Gewaltpr\u00e4vention im Schulalltag<\/a><\/strong> 25.1-124915<\/li>\n<li class=\"li1\"><span class=\"s1\"><b><\/b>Di., 03.06.2025, 15:30 Uhr &#8211; 17:00 Uhr <a href=\"https:\/\/fortbildungen.berlin\/training\/128090\"><span class=\"s2\"><b>Kommunikation ist alles: Elterngespr\u00e4che konstruktiv f\u00fchren<\/b><\/span><\/a><\/span> <span class=\"s1\">25.1-128090<\/span><\/li>\n<li class=\"li1\"><b><\/b>Do., 26.06.2025, 15:30 Uhr &#8211; 17:30 Uhr <a href=\"https:\/\/fortbildungen.berlin\/training\/128089\"><span class=\"s1\"><b>Mobbing stoppen: No-Blame-Approach und Farsta-Methode<\/b><\/span><\/a><b> <\/b>25.1-128089<\/li>\n<\/ul>\n<p class=\"p1\"><span style=\"font-family: helvetica;\"><b>Modulreihe \u201eKommunikationstraining\u201c<\/b><\/span><\/p>\n<ul class=\"ul1\">\n<li><span style=\"font-family: helvetica;\">Do., 26.09. und Mi., 16.10.2024, 14:30 Uhr &#8211; 17:30 Uhr <span class=\"s5\"><b><i>Online-Kurs:<\/i><\/b><\/span> <strong><a href=\"https:\/\/fortbildungen.berlin\/training\/121118\">Modul1: &#8222;Kommunikationsstrategien und Deeskalation\u201c<\/a><\/strong> 24.2-121118<\/span><\/li>\n<li><span style=\"font-family: helvetica;\">Do., 07.11. und 28.11.2024, 14:30 Uhr &#8211; 17:30 Uhr <span class=\"s5\"><b><i>Online-Kurs: <\/i><\/b><\/span><strong><a href=\"https:\/\/fortbildungen.berlin\/training\/121161\">Modul 2: \u201cGewaltfreie Kommunikation\u201c<\/a><\/strong> 24.2-121161<\/span><\/li>\n<li><span style=\"font-family: helvetica;\">Fr., 14.02. und Di., 25.02.2025, 14:30 Uhr &#8211; 17:30 Uhr <span class=\"s5\"><b><i>Online-Kurs: <\/i><\/b><\/span><strong><a href=\"https:\/\/fortbildungen.berlin\/training\/121123\">Kommunikationstraining Modul 3: \u201cWertsch\u00e4tzende Feedbackkultur entwickeln\u201c<\/a><\/strong> 24.2-121123<\/span><\/li>\n<li><span style=\"font-family: helvetica;\">Do., 06.03. und 03.04.2025, 14:30 Uhr &#8211; 17:30 Uhr <span class=\"s5\"><b><i>Online-Kurs: <\/i><\/b><\/span><strong><a href=\"https:\/\/fortbildungen.berlin\/training\/121107\">Kommunikationstraining Modul 4: \u201cDie V-I-R-Methode\u201c<\/a><\/strong> 25.1-121107<\/span><\/li>\n<li class=\"li1\"><span class=\"s2\">Mi., 19.03.2025, 08:30 Uhr &#8211; 11:30 Uhr <a href=\"https:\/\/fortbildungen.berlin\/training\/124908\"><span class=\"s3\"><b>Konflikte mit Kindern und Jugendlichen konstruktiv kl\u00e4ren<\/b><\/span><\/a> 25.1-124908<\/span><\/li>\n<li class=\"li2\"><span class=\"s4\">Do., 20.03. und 10.04.2025, 15:00 Uhr &#8211; 18:00 Uhr <b><i>Online-Kurs: <\/i><\/b><a href=\"https:\/\/fortbildungen.berlin\/training\/121115\"><span class=\"s3\"><b>Umgang mit Kindern mit herausforderndem Verhalten<\/b><\/span><\/a> 25.1-121115<\/span><\/li>\n<li><span style=\"font-family: helvetica;\">Do., 19.06.2025, 14:30 Uhr &#8211; 17:30 Uhr <span class=\"s5\"><b><i>Online-Kurs: <\/i><\/b><\/span><strong><a href=\"https:\/\/fortbildungen.berlin\/training\/121114\">Kommunikationstraining Modul 5: \u201cCoaching und Training\u201c<\/a><\/strong> 25.1-121114<\/span><\/li>\n<\/ul>\n<p class=\"p1\"><span style=\"font-family: helvetica;\"><b>Soziales Lernen in der Grundschule: <\/b><\/span><\/p>\n<ul class=\"ul1\">\n<li><span class=\"s3\" style=\"font-family: helvetica;\">Do., 17.10.2024, 09:00 Uhr &#8211; 12:00 Uhr <a href=\"https:\/\/fortbildungen.berlin\/training\/121143\"><span class=\"s4\"><b>Soziales Lernen in der Grundschule: Themenfeld \u201cGef\u00fchle\u201c<\/b><\/span><\/a> 24.2-121143<\/span><\/li>\n<li><span style=\"font-family: helvetica;\">Do., 21.11.2024, 09:00 Uhr &#8211; 12:00 Uhr <a href=\"https:\/\/fortbildungen.berlin\/training\/121150\"><strong>Soziales Lernen in der Grundschule: Themenfeld \u201cKommunikation\u201c<\/strong><\/a> 24.2-121150<\/span><\/li>\n<li><span style=\"font-family: helvetica;\">Do., 09.01.2025, 09:00 Uhr &#8211; 12:00 Uhr <strong><a href=\"https:\/\/fortbildungen.berlin\/training\/121151\">Soziales Lernen in der Grundschule: Themenfeld \u201cKooperation\u201c<\/a><\/strong> 24.2-121151<\/span><\/li>\n<li><span style=\"font-family: helvetica;\">Do., 20.02.2025, 09:00 Uhr &#8211; 12:00 Uhr <strong><a href=\"https:\/\/fortbildungen.berlin\/training\/121152\">Soziales Lernen in der Grundschule: Themenfeld \u201cGeschlechterrollen\u201c<\/a><\/strong> 25.1-121152<\/span><\/li>\n<\/ul>\n<h1 class=\"p1\"><span style=\"font-family: helvetica;\"><b>Netzwerktreffen<\/b><\/span><\/h1>\n<p class=\"p1\"><span style=\"font-family: helvetica;\">In jeder Region finden drei Netzwerktreffen im Schuljahr statt. Zu ihnen wird gesondert eingeladen.<\/span><\/p>\n<ul class=\"ul1\">\n<li class=\"li4\"><span class=\"s3\" style=\"font-family: helvetica;\">Di., 24.09.2024, 08:30 Uhr &#8211; 11:30 Uhr <a href=\"https:\/\/fortbildungen.berlin\/training\/121105\"><span class=\"s4\"><b>Netzwerktreffen f\u00fcr koordinierende Fachkr\u00e4fte &#8211; Gruppe A<\/b><\/span><\/a> 24.2-121105 <\/span><\/li>\n<li class=\"li5\"><span class=\"s5\" style=\"font-family: helvetica;\">Di., 01.10.2024, 09:00 Uhr &#8211; 12:00 Uhr <b><i>Online-Kurs: <\/i><\/b><a href=\"https:\/\/fortbildungen.berlin\/training\/121106\"><span class=\"s4\"><b>Netzwerktreffen f\u00fcr koordinierende Fachkr\u00e4fte Gruppe B<\/b><\/span><\/a> 24.2-121106<\/span><\/li>\n<li><span style=\"font-family: helvetica;\">Di., 11.03.2025, 09:00 Uhr &#8211; 12:00 Uhr <span class=\"s5\"><b><i>Online-Kurs: <\/i><\/b><\/span><strong><a href=\"https:\/\/fortbildungen.berlin\/training\/121155\">Netzwerktreffen der koordinierenden Fachkr\u00e4fte Gruppe A<\/a><\/strong> 25.1-121155<\/span><\/li>\n<li><span style=\"font-family: helvetica;\">Di., 06.05.2025, 09:00 Uhr &#8211; 12:00 Uhr <strong><a href=\"https:\/\/fortbildungen.berlin\/training\/121157\">Netzwerktreffen der koordinierenden Fachkr\u00e4fte Gruppe B<\/a><\/strong> 25.1-121157<\/span><\/li>\n<\/ul>\n<p><a href=\"https:\/\/fortbildung-verbund3.schule.de\/wp-content\/uploads\/2024\/08\/Ganztag.pdf\"><img loading=\"lazy\" decoding=\"async\" class=\"alignnone wp-image-3884 \" src=\"https:\/\/fortbildung-verbund3.schule.de\/wp-content\/uploads\/2024\/08\/PDF-267x300.png\" alt=\"\" width=\"140\" height=\"158\" \/><\/a><\/p>\n<p><span style=\"font-family: helvetica;\">Flyer Ganztag und soziales Lernen<\/span><\/p>\n<\/div>\n<\/div>\n<\/div>\n<\/div>\n<\/div>\n<\/div>\n<\/div>\n<\/div>\n<\/div>\n<\/div>\n<\/div>\n<\/div>\n<\/div>\n<\/div>\n","protected":false},"excerpt":{"rendered":"<p>Workshop- \/Fortbildungsangebote Do., 17.10.2024, 15:00 Uhr &#8211; 18:00 Uhr (und zwei weitere Termine) Online-Kurs: Elterngespr\u00e4che konstruktiv f\u00fchren 24.2-121110 Mi., 27.11.2024, &hellip; <\/p>\n","protected":false},"author":1,"featured_media":0,"parent":0,"menu_order":0,"comment_status":"closed","ping_status":"closed","template":"","meta":{"_bbp_topic_count":0,"_bbp_reply_count":0,"_bbp_total_topic_count":0,"_bbp_total_reply_count":0,"_bbp_voice_count":0,"_bbp_anonymous_reply_count":0,"_bbp_topic_count_hidden":0,"_bbp_reply_count_hidden":0,"_bbp_forum_subforum_count":0,"footnotes":""},"class_list":["post-367","page","type-page","status-publish","hentry"],"_links":{"self":[{"href":"https:\/\/fortbildung-verbund3.schule.de\/index.php?rest_route=\/wp\/v2\/pages\/367","targetHints":{"allow":["GET"]}}],"collection":[{"href":"https:\/\/fortbildung-verbund3.schule.de\/index.php?rest_route=\/wp\/v2\/pages"}],"about":[{"href":"https:\/\/fortbildung-verbund3.schule.de\/index.php?rest_route=\/wp\/v2\/types\/page"}],"author":[{"embeddable":true,"href":"https:\/\/fortbildung-verbund3.schule.de\/index.php?rest_route=\/wp\/v2\/users\/1"}],"replies":[{"embeddable":true,"href":"https:\/\/fortbildung-verbund3.schule.de\/index.php?rest_route=%2Fwp%2Fv2%2Fcomments&post=367"}],"version-history":[{"count":101,"href":"https:\/\/fortbildung-verbund3.schule.de\/index.php?rest_route=\/wp\/v2\/pages\/367\/revisions"}],"predecessor-version":[{"id":4486,"href":"https:\/\/fortbildung-verbund3.schule.de\/index.php?rest_route=\/wp\/v2\/pages\/367\/revisions\/4486"}],"wp:attachment":[{"href":"https:\/\/fortbildung-verbund3.schule.de\/index.php?rest_route=%2Fwp%2Fv2%2Fmedia&parent=367"}],"curies":[{"name":"wp","href":"https:\/\/api.w.org\/{rel}","templated":true}]}}