{"id":3446,"date":"2023-09-12T18:04:46","date_gmt":"2023-09-12T16:04:46","guid":{"rendered":"https:\/\/fortbildung-verbund3.schule.de\/?page_id=3446"},"modified":"2025-03-30T16:17:54","modified_gmt":"2025-03-30T14:17:54","slug":"romanische-sprachen","status":"publish","type":"page","link":"https:\/\/fortbildung-verbund3.schule.de\/?page_id=3446","title":{"rendered":"Romanische Sprachen"},"content":{"rendered":"<p><img loading=\"lazy\" decoding=\"async\" class=\"alignnone size-medium wp-image-3852\" src=\"https:\/\/fortbildung-verbund3.schule.de\/wp-content\/uploads\/2024\/07\/Romanische-Sprachen-300x166.png\" alt=\"\" width=\"300\" height=\"166\" srcset=\"https:\/\/fortbildung-verbund3.schule.de\/wp-content\/uploads\/2024\/07\/Romanische-Sprachen-300x166.png 300w, https:\/\/fortbildung-verbund3.schule.de\/wp-content\/uploads\/2024\/07\/Romanische-Sprachen-1024x568.png 1024w, https:\/\/fortbildung-verbund3.schule.de\/wp-content\/uploads\/2024\/07\/Romanische-Sprachen-768x426.png 768w, https:\/\/fortbildung-verbund3.schule.de\/wp-content\/uploads\/2024\/07\/Romanische-Sprachen.png 1280w\" sizes=\"auto, (max-width: 300px) 100vw, 300px\" \/><\/p>\n<h1 class=\"p1\"><span style=\"font-family: helvetica;\"><b>Workshop- \/Fortbildungsangebote<\/b><\/span><\/h1>\n<h2><span style=\"font-family: helvetica;\">Allgemein<\/span><\/h2>\n<ul>\n<li class=\"li10\"><span class=\"s3\" style=\"font-family: helvetica;\">Mi., 18.09.2024, 15:00 Uhr &#8211; 17:30 Uhr <a href=\"https:\/\/fortbildungen.berlin\/training\/121132\"><span class=\"s4\"><b>Szenische Interpretation im Deutsch- und Fremdsprachenunterricht<\/b><\/span><\/a> 24.2-121132<\/span><\/li>\n<li><span style=\"font-family: helvetica;\">Di., 12.11.2024, 15:00 Uhr &#8211; 18:00 Uhr <strong><a href=\"https:\/\/fortbildungen.berlin\/training\/122210\">\u00dcbungsformen im Fremdsprachenunterricht: \u00dcbungen richtig einsetzen<\/a><\/strong> 24.2-122210<\/span><\/li>\n<li>Do., 21.11.2024, 15:00 Uhr &#8211; 17:30 Uhr <strong><a href=\"https:\/\/fortbildungen.berlin\/training\/123199\">Digitale Tools f\u00fcr den fremdsprachlichen Unterricht<\/a><\/strong> 24.2-123199<\/li>\n<li><span style=\"font-family: helvetica;\">Do., 16.01.2025, 15:00 Uhr &#8211; 18:00 Uhr <strong><a href=\"https:\/\/fortbildungen.berlin\/training\/122212\">Grammatik verst\u00e4ndlich erkl\u00e4ren<\/a><\/strong> 24.2-122212<\/span><\/li>\n<li><span style=\"font-family: helvetica;\">Di., 28.01.2025, 16:00 Uhr &#8211; 17:30 Uhr <span class=\"s5\"><b><i>Online-Kurs: <\/i><\/b><\/span><strong><a href=\"https:\/\/fortbildungen.berlin\/training\/122035\">Die Mehrsprachigkeit von Lernenden im Fremdsprachenunterricht nutzen<\/a><\/strong> 24.2-122035<\/span><\/li>\n<li><span style=\"font-family: helvetica;\">Mi., 12.02.2025, 16:00 Uhr &#8211; 17:30 Uhr <span class=\"s5\"><b><i>Online-Kurs: <\/i><\/b><\/span><strong><a href=\"https:\/\/fortbildungen.berlin\/training\/122037\">Wie lerne ich erfolgreich und gl\u00fccklich Sprachen?<\/a><\/strong> 25.1-122037<\/span><\/li>\n<li><span style=\"font-family: helvetica;\">Do., 20.02.2025, 15:00 Uhr &#8211; 17:00 Uhr <strong><a href=\"https:\/\/fortbildungen.berlin\/training\/122775\">Im Fremdsprachenunterricht Schritt f\u00fcr Schritt zum Sprechen f\u00fchren<\/a><\/strong> 25.1-122775<\/span><\/li>\n<li>Di., 17.06.2025, 15:00 Uhr &#8211; 16:30 Uhr <span style=\"font-family: helvetica;\"><span class=\"s5\"><b><i>Online-Kurs: <\/i><\/b><\/span><\/span><strong><a href=\"https:\/\/fortbildungen.berlin\/training\/125977\">Nachhaltige Wortschatzarbeit im Fremdsprachenunterricht<\/a><\/strong> 25.1-125977<\/li>\n<\/ul>\n<h2 class=\"p3\"><span style=\"font-family: helvetica;\"><b>Franz\u00f6sisch<\/b><\/span><\/h2>\n<ul class=\"ul1\">\n<li><span class=\"s5\" style=\"font-family: helvetica;\">Mi., 25.09.2024, 15:00 Uhr &#8211; 16:30 Uhr <b><i>Online-Kurs: <\/i><\/b><a href=\"https:\/\/fortbildungen.berlin\/training\/121494\"><span class=\"s4\"><b>Filmauswahl f\u00fcr Q1: \u201eVivre pour une id\u00e9e\u201c<\/b><\/span><\/a> 24.2-121494<\/span><\/li>\n<li>Fr., 08.11.2024, 16:00 Uhr &#8211; 17:30 Uhr <span class=\"s5\" style=\"font-family: helvetica;\"><b><i>Online-Kurs: <\/i><\/b><\/span><strong><a href=\"https:\/\/fortbildungen.berlin\/training\/121844\">K\u00fcnstliche Intelligenz im Franz\u00f6sischunterricht<\/a><\/strong> 24.2-121844<\/li>\n<li>Di., 19.11.2024, 15:30 Uhr &#8211; 17:30 Uhr <strong><a href=\"https:\/\/fortbildungen.berlin\/training\/121873\">Kreative und kollektive Theater\u00fcbungen f\u00fcr den Franz\u00f6sischunterricht<\/a><\/strong> 24.2-121873<\/li>\n<li>Mi., 12.02.2025, 15:00 Uhr &#8211; 16:30 Uhr <span class=\"s5\" style=\"font-family: helvetica;\"><b><i>Online-Kurs: <\/i><\/b><\/span><strong><a href=\"https:\/\/fortbildungen.berlin\/training\/121529\">Filmauswahl f\u00fcr Q2: \u201eImmigration et vie dans une soci\u00e9t\u00e9 multiculturelle\u201c<\/a><\/strong> 25.1-121529<\/li>\n<li>Mi., 04.06.2025, 15:00 Uhr &#8211; 16:30 Uhr <span class=\"s5\" style=\"font-family: helvetica;\"><b><i>Online-Kurs: <\/i><\/b><\/span><strong><a href=\"https:\/\/fortbildungen.berlin\/training\/121534\">Franz\u00f6sische Onlineportale f\u00fcr Filmbildung \u2013 ein \u00dcberblick<\/a><\/strong> 25.1-121534<\/li>\n<\/ul>\n<h2 class=\"p3\"><span style=\"font-family: helvetica;\"><b>Spanisch<\/b><\/span><\/h2>\n<ul>\n<li>Di., 29.04.2025, 15:00 Uhr &#8211; 17:30 Uhr <strong><a href=\"https:\/\/fortbildungen.berlin\/training\/123200\">Musik im Spanischunterricht<\/a><\/strong> 25.1-123200<\/li>\n<li>Mi., 14.05.2025, 15:00 Uhr &#8211; 17:30 Uhr <span class=\"s5\" style=\"font-family: helvetica;\"><b><i>Online-Kurs: <\/i><\/b><\/span><strong><a href=\"https:\/\/fortbildungen.berlin\/training\/123201\">Differenzierung im Spanischunterricht<\/a><\/strong> 25.1-123201<\/li>\n<\/ul>\n<h1 class=\"p1\"><span style=\"font-family: helvetica;\"><b>Regionalkonferenzen und Netzwerktreffen<\/b><\/span><\/h1>\n<p class=\"p1\"><span style=\"font-family: helvetica;\">In den F\u00e4chern Franz\u00f6sisch und Spanisch werden <\/span><span style=\"font-family: helvetica;\">zwei Regionalkonferenzen im Schuljahr angeboten. <\/span><span style=\"font-family: helvetica;\">Zu Regionalkonferenzen wird gesondert eingeladen. <\/span><span style=\"font-family: helvetica;\">Das Netzwerktreffen Spanisch ISS findet halbj\u00e4hrlich statt.<\/span><\/p>\n<p><strong>Franz\u00f6sisch<\/strong><\/p>\n<ul>\n<li class=\"li4\"><span class=\"s3\" style=\"font-family: helvetica;\">Mi., 09.10.2024, 15:00 Uhr &#8211; 18:00 Uhr <b><i>Online-Kurs: <\/i><\/b><a href=\"https:\/\/fortbildungen.berlin\/training\/120654\"><span class=\"s4\"><b>Regionalkonferenz Englisch und Franz\u00f6sisch f\u00fcr Sek I, Sek II (Spandau)<\/b><\/span><\/a> 24.2-120654 <\/span><\/li>\n<li class=\"li4\"><span class=\"s3\" style=\"font-family: helvetica;\">Mi., 16.10.2024, 15:00 Uhr &#8211; 18:00 Uhr <b><i>Online-Kurs: <\/i><\/b><a href=\"https:\/\/fortbildungen.berlin\/training\/120657\"><span class=\"s4\"><b>Regionalkonferenz Franz\u00f6sisch f\u00fcr Sek I, Sek II (Charlottenburg-Wilmersdorf)<\/b><\/span><\/a> 24.2-120657 <\/span><\/li>\n<li class=\"li4\"><span class=\"s3\" style=\"font-family: helvetica;\">Mi., 16.10.2024, 15:30 Uhr &#8211; 18:00 Uhr <a href=\"https:\/\/fortbildungen.berlin\/training\/122033\"><span class=\"s4\"><b>Regionalkonferenz Franz\u00f6sisch f\u00fcr Sek I, Sek II (Steglitz-Zehlendorf)<\/b><\/span><\/a> 24.2-122033 <\/span><\/li>\n<li>Mi., 26.03.2025, 15:00 Uhr &#8211; 18:00 Uhr <strong><a href=\"https:\/\/fortbildungen.berlin\/training\/120661\">Regionalkonferenz Franz\u00f6sisch f\u00fcr Sek I, Sek II (Charlottenburg-Wilmersdorf)<\/a><\/strong> 25.1-120661<\/li>\n<li>Do., 27.03.2025, 15:00 Uhr &#8211; 18:00 Uhr <span style=\"font-family: helvetica;\"><span class=\"s5\"><b><i>Online-Kurs: <\/i><\/b><\/span><\/span><strong><a href=\"https:\/\/fortbildungen.berlin\/training\/122034\">Regionalkonferenz Franz\u00f6sisch f\u00fcr Sek I, Sek II (Steglitz-Zehlendorf)<\/a><\/strong> 25.1-122034<\/li>\n<li>Mi., 02.04.2025, 15:00 Uhr &#8211; 18:00 Uhr <strong><a href=\"https:\/\/fortbildungen.berlin\/training\/120662\">Regionalkonferenz Franz\u00f6sisch f\u00fcr Sek I, Sek II (Spandau)<\/a><\/strong> 25.1-120662<\/li>\n<\/ul>\n<p><strong>Spanisch<\/strong><\/p>\n<ul>\n<li><span class=\"s5\" style=\"font-family: helvetica;\">Mi., 09.10.24, 15:30 &#8211; 18:00 Uhr <b><i>Online-Kurs: <\/i><\/b><a href=\"https:\/\/fortbildungen.berlin\/training\/123758\"><span class=\"s4\"><b>Netzwerktreffen Spanisch ISS<\/b><\/span><\/a> 24.2-123758<\/span><\/li>\n<li class=\"li4\"><span class=\"s3\" style=\"font-family: helvetica;\">Do., 17.10.2024, 15:30 &#8211; 18:00 Uhr <a href=\"https:\/\/fortbildungen.berlin\/training\/123750\"><span class=\"s4\"><b>Regionalkonferenz Spanisch (Charlottenburg-Wilmersdorf und Spandau)<\/b><\/span><\/a> 24.2-123750<\/span><\/li>\n<li>Do., 07.11.2024, 15:30 Uhr &#8211; 18:00 Uhr <strong><a href=\"https:\/\/fortbildungen.berlin\/training\/123752\">Regionalkonferenz Spanisch f\u00fcr Sek I, Sek II (Steglitz-Zehlendorf)<\/a><\/strong> 24.2-123752<\/li>\n<li>Do., 10.04.2025, 15:30 Uhr &#8211; 18:00 Uhr <strong><a href=\"https:\/\/fortbildungen.berlin\/training\/123753\">Regionalkonferenz Spanisch f\u00fcr Sek I, Sek II (Steglitz-Zehlendorf)<\/a><\/strong> 25.1-123753<\/li>\n<li>Do., 29.04.2025, 15:30 Uhr &#8211; 18:00 Uhr <strong><a href=\"https:\/\/fortbildungen.berlin\/training\/123751\">Regionalkonferenz Spanisch f\u00fcr Sek I, Sek II (Spandau, Charlottenburg-Wilmersdorf)<\/a><\/strong> 25.1-123751<\/li>\n<li>Do., 12.06.2025, 15:30 Uhr &#8211; 18:00 Uhr <strong><a href=\"https:\/\/fortbildungen.berlin\/training\/123759\">Netzwerktreffen Spanisch ISS<\/a><\/strong> 25.1-123759<\/li>\n<\/ul>\n<p><a href=\"https:\/\/fortbildung-verbund3.schule.de\/wp-content\/uploads\/2024\/08\/Romanische-Sprachen_compressed.pdf\"><img loading=\"lazy\" decoding=\"async\" class=\"alignnone wp-image-3884 \" src=\"https:\/\/fortbildung-verbund3.schule.de\/wp-content\/uploads\/2024\/08\/PDF-267x300.png\" alt=\"\" width=\"140\" height=\"157\" \/><\/a><\/p>\n<p><span style=\"font-family: helvetica;\">Flyer Romanische Sprachen<\/span><\/p>\n","protected":false},"excerpt":{"rendered":"<p>Workshop- \/Fortbildungsangebote Allgemein Mi., 18.09.2024, 15:00 Uhr &#8211; 17:30 Uhr Szenische Interpretation im Deutsch- und Fremdsprachenunterricht 24.2-121132 Di., 12.11.2024, 15:00 &hellip; <\/p>\n","protected":false},"author":1,"featured_media":0,"parent":0,"menu_order":0,"comment_status":"closed","ping_status":"closed","template":"","meta":{"_bbp_topic_count":0,"_bbp_reply_count":0,"_bbp_total_topic_count":0,"_bbp_total_reply_count":0,"_bbp_voice_count":0,"_bbp_anonymous_reply_count":0,"_bbp_topic_count_hidden":0,"_bbp_reply_count_hidden":0,"_bbp_forum_subforum_count":0,"footnotes":""},"class_list":["post-3446","page","type-page","status-publish","hentry"],"_links":{"self":[{"href":"https:\/\/fortbildung-verbund3.schule.de\/index.php?rest_route=\/wp\/v2\/pages\/3446","targetHints":{"allow":["GET"]}}],"collection":[{"href":"https:\/\/fortbildung-verbund3.schule.de\/index.php?rest_route=\/wp\/v2\/pages"}],"about":[{"href":"https:\/\/fortbildung-verbund3.schule.de\/index.php?rest_route=\/wp\/v2\/types\/page"}],"author":[{"embeddable":true,"href":"https:\/\/fortbildung-verbund3.schule.de\/index.php?rest_route=\/wp\/v2\/users\/1"}],"replies":[{"embeddable":true,"href":"https:\/\/fortbildung-verbund3.schule.de\/index.php?rest_route=%2Fwp%2Fv2%2Fcomments&post=3446"}],"version-history":[{"count":38,"href":"https:\/\/fortbildung-verbund3.schule.de\/index.php?rest_route=\/wp\/v2\/pages\/3446\/revisions"}],"predecessor-version":[{"id":4453,"href":"https:\/\/fortbildung-verbund3.schule.de\/index.php?rest_route=\/wp\/v2\/pages\/3446\/revisions\/4453"}],"wp:attachment":[{"href":"https:\/\/fortbildung-verbund3.schule.de\/index.php?rest_route=%2Fwp%2Fv2%2Fmedia&parent=3446"}],"curies":[{"name":"wp","href":"https:\/\/api.w.org\/{rel}","templated":true}]}}