{"id":298,"date":"2021-12-06T19:24:26","date_gmt":"2021-12-06T18:24:26","guid":{"rendered":"https:\/\/fortbildung-verbund3.schule.de\/?page_id=298"},"modified":"2025-04-10T13:56:05","modified_gmt":"2025-04-10T11:56:05","slug":"medienbildung-2","status":"publish","type":"page","link":"https:\/\/fortbildung-verbund3.schule.de\/?page_id=298","title":{"rendered":"Medienbildung \/ Informatik"},"content":{"rendered":"<h1><img loading=\"lazy\" decoding=\"async\" class=\"alignnone size-medium wp-image-3748\" src=\"https:\/\/fortbildung-verbund3.schule.de\/wp-content\/uploads\/2024\/07\/Medienbildung-300x166.jpg\" alt=\"\" width=\"300\" height=\"166\" srcset=\"https:\/\/fortbildung-verbund3.schule.de\/wp-content\/uploads\/2024\/07\/Medienbildung-300x166.jpg 300w, https:\/\/fortbildung-verbund3.schule.de\/wp-content\/uploads\/2024\/07\/Medienbildung-1024x568.jpg 1024w, https:\/\/fortbildung-verbund3.schule.de\/wp-content\/uploads\/2024\/07\/Medienbildung-768x426.jpg 768w, https:\/\/fortbildung-verbund3.schule.de\/wp-content\/uploads\/2024\/07\/Medienbildung.jpg 1280w\" sizes=\"auto, (max-width: 300px) 100vw, 300px\" \/><\/h1>\n<div class=\"page\" title=\"Page 1\">\n<div class=\"section\">\n<div class=\"layoutArea\">\n<div class=\"column\">\n<h1 class=\"p1\"><span style=\"font-family: helvetica;\"><b> Workshop- \/Fortbildungsangebote<\/b><\/span><\/h1>\n<ul class=\"ul1\">\n<li>Mo., 16.09.2024, 16:30 Uhr &#8211; 18:00 Uhr <span style=\"font-family: helvetica;\"><strong><em>Online-Kurs: <\/em><\/strong><\/span><strong><a href=\"https:\/\/fortbildungen.berlin\/training\/121910\">Digitale Pr\u00e4sentationstechniken: Erkl\u00e4rvideos f\u00fcr die Grundschule erstellen<\/a><\/strong> 24.2-121910<\/li>\n<li>Do., 19.09.2024, 15:30 Uhr &#8211; 17:30 Uhr <span style=\"font-family: helvetica;\"><strong><em>Online-Kurs: <\/em><\/strong><\/span><strong><a href=\"https:\/\/fortbildungen.berlin\/training\/120942\">Wortschatzarbeit mit sogenannter \u201cK\u00fcnstlicher Intelligenz\u201c (KI)<\/a><\/strong> 24.2-120942<\/li>\n<li>Mi., 09.10.2024, 15:00 Uhr &#8211; 16:30 Uhr <span style=\"font-family: helvetica;\"><span style=\"font-family: helvetica;\"><strong><em>Online-Kurs: <\/em><\/strong><\/span><\/span><strong><a href=\"https:\/\/fortbildungen.berlin\/training\/121498\">Aktuelle Onlineportale zur Nutzung von Filmen im Unterricht<\/a><\/strong> 24.2-121498<\/li>\n<li>Mo., 14.10.2024, 16:00 Uhr &#8211; 17:30 Uhr <span style=\"font-family: helvetica;\"><strong><em>Online-Kurs: <\/em><\/strong><\/span><strong><a href=\"https:\/\/fortbildungen.berlin\/training\/120969\">\u201cSharen, liken, kommentieren\u201c: Social-Media-Funktionen als Bewertungsmittel<\/a><\/strong> 24.2-120969<\/li>\n<li>Di., 15.10.2024, 16:00 Uhr &#8211; 18:00 Uhr <span style=\"font-family: helvetica;\"><strong><em>Online-Kurs: <\/em><\/strong><\/span><strong><a href=\"https:\/\/fortbildungen.berlin\/training\/120287\">Effektive Nutzung von KI-Tools im Unterricht<\/a><\/strong> 24.2-120287<\/li>\n<li>Mi., 13.11.2024, 14:30 Uhr &#8211; 17:30 Uhr <span style=\"font-family: helvetica;\"><strong><em>Online-Kurs: <\/em><\/strong><\/span><strong><a href=\"https:\/\/fortbildungen.berlin\/training\/124794\">Umgang mit Cybermobbing<\/a><\/strong> 24.2-124794<\/li>\n<li>Mi., 13.11.2024, 15:00 Uhr &#8211; 16:30 Uhr <span style=\"font-family: helvetica;\"><strong><em>Online-Kurs: <\/em><\/strong><\/span><strong><a href=\"https:\/\/fortbildungen.berlin\/training\/123247\">Motivierender Ethikunterricht durch den Einsatz von Kurzfilmen<\/a><\/strong> 24.2-123247<\/li>\n<li>Do., 14.11.2024, 16:00 Uhr &#8211; 18:00 Uhr <span style=\"font-family: helvetica;\"><span style=\"font-family: helvetica;\"><strong><em>Online-Kurs: <\/em><\/strong><\/span><\/span><strong><a href=\"https:\/\/fortbildungen.berlin\/training\/120337\">Podcasts als kreatives Medium im Unterricht<\/a><\/strong> 24.2-120337<\/li>\n<li><span style=\"font-family: helvetica;\">Di., 19.11.2024, 15:30 Uhr &#8211; 17:00 Uhr <strong><em>Online-Kurs: <\/em><a href=\"https:\/\/fortbildungen.berlin\/training\/120152\">Ein digitaler Adventskalender f\u00fcr meine Klasse<\/a><\/strong> 24.2-120152<\/span><\/li>\n<li>Di., 19.11.2024, 16:00 Uhr &#8211; 17:30 Uhr <span style=\"font-family: helvetica;\"><strong><em>Online-Kurs: <\/em><\/strong><\/span><strong><a href=\"https:\/\/fortbildungen.berlin\/training\/120975\">Remix-Kultur und Urheberrecht im digitalen Raum<\/a><\/strong> 24.2-120975<\/li>\n<li>Mo., 25.11.2024, 16:00 Uhr &#8211; 18:00 Uhr <span style=\"font-family: helvetica;\"><strong><em>Online-Kurs: <\/em><\/strong><\/span><strong><a href=\"https:\/\/fortbildungen.berlin\/training\/122105\">Multimediales Unterrichtsmaterial erstellen mit Canva<\/a><\/strong> 24.2-122105<\/li>\n<li>Mi., 04.12.2024, 15:00 Uhr &#8211; 17:00 Uhr <span style=\"font-family: helvetica;\"><strong><em>Online-Kurs: <\/em><\/strong><\/span><strong><a href=\"https:\/\/fortbildungen.berlin\/training\/121120\">Grundlagen der Filmbildung: Filmisches Erz\u00e4hlen<\/a><\/strong> 24.2-121120<\/li>\n<li><span style=\"font-family: helvetica;\">Mo., 16.12.2024, 16:00 Uhr &#8211; 18:00 Uhr <strong><em>Online-Kurs: <\/em><a href=\"https:\/\/fortbildungen.berlin\/training\/122093\">Sketchnotes &#8211; Unterrichtsmaterialien visuell aufwerten<\/a><\/strong> 24.2-122093<\/span><\/li>\n<li><span style=\"font-family: helvetica;\">Mo., 06.01.2025, 16:30 Uhr &#8211; 18:00 Uhr <strong><em>Online-Kurs: <\/em><a href=\"https:\/\/fortbildungen.berlin\/training\/122110\">Digitale Pinnw\u00e4nde mit Taskcards gestalten und f\u00fcr den Unterricht nutzen<\/a><\/strong> 24.2-122110<\/span><\/li>\n<li>Do., 09.01.2025, 15:30 Uhr &#8211; 17:30 Uhr <span style=\"font-family: helvetica;\"><strong><em>Online-Kurs: <\/em><\/strong><\/span><strong><a href=\"https:\/\/fortbildungen.berlin\/training\/120982\">K\u00fcnstliche Intelligenz im Unterricht: (Neue) Kompetenzen f\u00fcr Sch\u00fcler\/-innen<\/a><\/strong> 24.2-120982<\/li>\n<li><span style=\"font-family: helvetica;\">Mi., 15.01.2025, 15:30 Uhr &#8211; 18:00 Uhr <strong><a href=\"https:\/\/fortbildungen.berlin\/training\/120502\">Gamifikation: Inhalte mit spielerischen Elementen \u00fcben und \u00fcberpr\u00fcfen<\/a><\/strong> 25.1-120502<\/span><\/li>\n<li><span style=\"font-family: helvetica;\">Mo., 17.02.2025, 16:00 Uhr &#8211; 17:30 Uhr <strong><em>Online-Kurs: <\/em><\/strong><strong><a href=\"https:\/\/fortbildungen.berlin\/training\/120990\">Medienbildung in Vertretungsstunden: Werkzeugkoffer f\u00fcr Lehrkr\u00e4fte<\/a><\/strong> 25.1-120990<\/span><\/li>\n<li><span style=\"font-family: helvetica;\">Mo., 17.02.2025, 16:00 Uhr &#8211; 18:00 Uhr <em><strong>Online-Kurs:<\/strong><\/em> <strong><a href=\"https:\/\/fortbildungen.berlin\/training\/122096\">(Gesellschaftswissenschaftlichen) Unterricht digital gestalten<\/a><\/strong> 25.1-122096<\/span><\/li>\n<li>Di., 18.02.2025, 16:00 Uhr &#8211; 18:00 Uhr <span style=\"font-family: helvetica;\"><em><strong>Online-Kurs: <\/strong><\/em><\/span><strong><a href=\"https:\/\/fortbildungen.berlin\/training\/120293\">Effektive Nutzung von KI-Tools im Unterricht<\/a><\/strong> 25.1-120293<\/li>\n<li><span style=\"font-family: helvetica;\">Mi., 26.02.2025, 15:30 Uhr &#8211; 18:00 Uhr <strong><a href=\"https:\/\/fortbildungen.berlin\/training\/120509\">Interaktive verzweigte Geschichten &#8211; Fachinhalte mal anders digital verpackt<\/a><\/strong> 25.1-120509<\/span><\/li>\n<li>Mi., 12.03.2025, 15:00 Uhr &#8211; 16:30 Uhr <span style=\"font-family: helvetica;\"><strong><em>Online-Kurs: <\/em><\/strong><\/span><strong><a href=\"https:\/\/fortbildungen.berlin\/training\/121531\">Wie finde ich einen Film und Begleitmaterial f\u00fcr mein Unterrichtsthema?<\/a><\/strong> 25.1-121531<\/li>\n<li><span style=\"font-family: helvetica;\">Mo., 17.03.2025, 16:30 Uhr &#8211; 18:00 Uhr <strong><em>Online-Kurs: <\/em><a href=\"https:\/\/fortbildungen.berlin\/training\/122111\">Multimediale Lernplakate mit MS PowerPoint erstellen<\/a><\/strong> 25.1-122111<\/span><\/li>\n<li><span style=\"font-family: helvetica;\">Di., 25.03.2025, 16:00 Uhr &#8211; 17:30 Uhr <strong><em>Online-Kurs: <\/em><a href=\"https:\/\/fortbildungen.berlin\/training\/121049\">Freie digitale Umfragetools im Unterricht<\/a><\/strong> 25.1-121049<\/span><\/li>\n<li>Do., 03.04.2025, 16:00 Uhr &#8211; 18:00 Uhr <strong><a href=\"https:\/\/fortbildungen.berlin\/training\/120338\">Podcasts als kreatives Medium im Unterricht<\/a><\/strong> 25.1-120338<br \/>\n<section class=\"sc-bmzYkS Eqng\"><\/section>\n<section class=\"sc-bmzYkS Eqng\"><\/section>\n<\/li>\n<li>Di., 13.05.2025, 15:00 Uhr &#8211; 18:00 Uhr <strong><a href=\"https:\/\/fortbildungen.berlin\/training\/126340\">Einf\u00fchrung in die digitale Bildbearbeitung mit Gimp<\/a><\/strong> 25.1-126340<\/li>\n<li>Do., 22.05.2025, 15:00 Uhr &#8211; 18:00 Uhr <strong><a href=\"https:\/\/fortbildungen.berlin\/training\/123661\">Programmieren in der Schulanfangsphase<\/a><\/strong> 25.1-123661<\/li>\n<li class=\"li1\"><span class=\"s1\"><b><\/b>Do., 05.06.2025, 16:00 Uhr &#8211; 18:00 Uhr <\/span><span class=\"s2\"><b><i>Online-Kurs: <\/i><\/b><a href=\"https:\/\/fortbildungen.berlin\/training\/126950\"><span class=\"s3\"><b>Digitale Pinnw\u00e4nde mit Taskcards gestalten und f\u00fcr den Unterricht nutzen<\/b><\/span><\/a><\/span><span class=\"s1\"> 25.1-126950<\/span><\/li>\n<li class=\"li1\"><span class=\"s1\"><b><\/b>Mo., 16.06.2025, 15:00 Uhr &#8211; 18:00 Uhr <a href=\"https:\/\/fortbildungen.berlin\/training\/128444\"><span class=\"s2\"><b>Digital zeichnen im Raum &#8211; Skulpturale Malerei in der virtuellen Realit\u00e4t<\/b><\/span><\/a><\/span> <span class=\"s1\">25.1-128444<\/span><\/li>\n<li>Do., 26.06.2025, 16:00 Uhr &#8211; 18:00 Uhr <span style=\"font-family: helvetica;\"><span style=\"font-family: helvetica;\"><span class=\"s5\"><b><i>Online-Kurs: <\/i><\/b><\/span><\/span><\/span><strong><a href=\"https:\/\/fortbildungen.berlin\/training\/126952\">Sketchnotes &#8211; Unterrichtsmaterialien visuell aufwerten<\/a><\/strong> 25.1-126952<\/li>\n<\/ul>\n<p><span style=\"font-family: helvetica;\"><b>Schulinterne Angebote<\/b><\/span><\/p>\n<p class=\"p2\"><span style=\"font-family: helvetica;\">Wir bieten Planung, Beratung und Moderation f\u00fcr Studientage zum Thema \u201eMedienbildung\u201c. Bei Interesse melden Sie sich bitte bei der zust\u00e4ndigen Fortbildungsberatung im Bezirk.<\/span><\/p>\n<p class=\"p4\"><span style=\"font-family: helvetica;\"><b>Weitere schulinterne Angebote:<\/b><\/span><\/p>\n<ul class=\"ul1\">\n<li class=\"li4\"><span style=\"font-family: helvetica;\">Coden mit Scratch (Einf\u00fchrung und Unterrichtsprojekte)<\/span><\/li>\n<li class=\"li4\"><span style=\"font-family: helvetica;\">Coden mit Calliope Mini (Einf\u00fchrung und Unterrichtsprojekte)<\/span><\/li>\n<\/ul>\n<h1 class=\"p1\"><span style=\"font-family: helvetica;\"><b>Fortbildungsoffensive &#8222;KI in der Schule&#8220;<\/b><\/span><\/h1>\n<p class=\"p2\"><span style=\"font-family: helvetica;\">Die Fortbildung Berlin bietet Ihnen ein umfangreiches Programm zum Thema &#8222;K\u00fcnstliche Intelligenz\u201c an, das man unter dem Suchbegriff &#8222;KI-Basis&#8220; oder &#8222;KI-Aufbau&#8220; finden kann. Die schulartspezifischen Fortbildungen widmen sich den Grundlagen von K\u00fcnstlicher Intelligenz im Schulkontext, der Anwendung von KI im Unterricht und KI als Herausforderung f\u00fcr die demokratische Gesellschaft.<\/span><\/p>\n<h1><span style=\"font-family: helvetica;\">Informatik<\/span><\/h1>\n<ul class=\"ul1\">\n<li><span style=\"font-family: helvetica;\">Do., 25.03.2025, 15:00 Uhr &#8211; 17:30 Uhr <strong><a href=\"https:\/\/fortbildungen.berlin\/training\/121579\">Praktische Agilit\u00e4t im Informatik-Unterricht<\/a><\/strong> 25.1-121579<\/span><\/li>\n<\/ul>\n<h2><span style=\"font-family: helvetica;\">Regionalkonferenzen\/Netzwerktreffen<\/span><\/h2>\n<p class=\"p1\"><span style=\"font-family: helvetica;\">Im Fach Informatik werden zwei Regionalkonferenzen im Schuljahr angeboten. Zu Regionalkonferenzen wird gesondert eingeladen.<\/span><\/p>\n<ul>\n<li><span class=\"s3\" style=\"font-family: helvetica;\">Do., 10.10.2024, 15:00 Uhr &#8211; 17:30 Uhr <a href=\"https:\/\/fortbildungen.berlin\/training\/121542\"><span class=\"s4\"><b>Regionalkonferenz Informatik f\u00fcr Sek I, Sek II (Verbund 3)<\/b><\/span><\/a> 24.2-121542<\/span><\/li>\n<li>Do., 27.02.2025, 15:00 Uhr &#8211; 17:30 Uhr <span style=\"font-family: helvetica;\"><strong><em>Online-Kurs: <\/em><\/strong><\/span><strong><a href=\"https:\/\/fortbildungen.berlin\/training\/121545\">Regionalkonferenz Informatik f\u00fcr Sek I, Sek II (Verbund 3)<\/a><\/strong> 25.1-121545<\/li>\n<li>Di., 18.03.2025, 15:00 Uhr &#8211; 17:30 Uhr <b><i>Online-Kurs:<\/i><\/b> <a href=\"https:\/\/fortbildungen.berlin\/training\/121545\"><span class=\"s1\"><b>Regionalkonferenz Informatik f\u00fcr Sek I, Sek II (Verbund 3)<\/b><\/span><\/a> 25.1-121545<\/li>\n<li>Di., 08.07.2025, 15:30 Uhr &#8211; 17:30 Uhr <strong><a href=\"https:\/\/fortbildungen.berlin\/training\/125015\">Netzwerktreffen IT-Betreuer\/-innen in der Region Steglitz-Zehlendorf<\/a><\/strong> 25.1-125015<\/li>\n<\/ul>\n<p><a href=\"https:\/\/fortbildung-verbund3.schule.de\/wp-content\/uploads\/2024\/09\/Medienbildung.pdf\"><img loading=\"lazy\" decoding=\"async\" class=\"alignnone wp-image-3884 \" src=\"https:\/\/fortbildung-verbund3.schule.de\/wp-content\/uploads\/2024\/08\/PDF-267x300.png\" alt=\"\" width=\"140\" height=\"158\" \/><\/a><\/p>\n<p><span style=\"font-family: helvetica;\">Flyer Medienbildung \/ Informatik<\/span><\/p>\n<\/div>\n<\/div>\n<\/div>\n<\/div>\n","protected":false},"excerpt":{"rendered":"<p>Workshop- \/Fortbildungsangebote Mo., 16.09.2024, 16:30 Uhr &#8211; 18:00 Uhr Online-Kurs: Digitale Pr\u00e4sentationstechniken: Erkl\u00e4rvideos f\u00fcr die Grundschule erstellen 24.2-121910 Do., 19.09.2024, &hellip; <\/p>\n","protected":false},"author":1,"featured_media":0,"parent":0,"menu_order":0,"comment_status":"closed","ping_status":"closed","template":"","meta":{"_bbp_topic_count":0,"_bbp_reply_count":0,"_bbp_total_topic_count":0,"_bbp_total_reply_count":0,"_bbp_voice_count":0,"_bbp_anonymous_reply_count":0,"_bbp_topic_count_hidden":0,"_bbp_reply_count_hidden":0,"_bbp_forum_subforum_count":0,"footnotes":""},"class_list":["post-298","page","type-page","status-publish","hentry"],"_links":{"self":[{"href":"https:\/\/fortbildung-verbund3.schule.de\/index.php?rest_route=\/wp\/v2\/pages\/298","targetHints":{"allow":["GET"]}}],"collection":[{"href":"https:\/\/fortbildung-verbund3.schule.de\/index.php?rest_route=\/wp\/v2\/pages"}],"about":[{"href":"https:\/\/fortbildung-verbund3.schule.de\/index.php?rest_route=\/wp\/v2\/types\/page"}],"author":[{"embeddable":true,"href":"https:\/\/fortbildung-verbund3.schule.de\/index.php?rest_route=\/wp\/v2\/users\/1"}],"replies":[{"embeddable":true,"href":"https:\/\/fortbildung-verbund3.schule.de\/index.php?rest_route=%2Fwp%2Fv2%2Fcomments&post=298"}],"version-history":[{"count":145,"href":"https:\/\/fortbildung-verbund3.schule.de\/index.php?rest_route=\/wp\/v2\/pages\/298\/revisions"}],"predecessor-version":[{"id":4491,"href":"https:\/\/fortbildung-verbund3.schule.de\/index.php?rest_route=\/wp\/v2\/pages\/298\/revisions\/4491"}],"wp:attachment":[{"href":"https:\/\/fortbildung-verbund3.schule.de\/index.php?rest_route=%2Fwp%2Fv2%2Fmedia&parent=298"}],"curies":[{"name":"wp","href":"https:\/\/api.w.org\/{rel}","templated":true}]}}